{"id":553,"date":"2025-09-07T00:42:11","date_gmt":"2025-09-07T00:42:11","guid":{"rendered":"https:\/\/pinboxcargo.com\/?page_id=553"},"modified":"2025-09-07T14:39:57","modified_gmt":"2025-09-07T14:39:57","slug":"login","status":"publish","type":"page","link":"https:\/\/pinboxcargo.com\/index.php\/login\/","title":{"rendered":"Login General"},"content":{"rendered":"\t\t<div data-elementor-type=\"wp-page\" data-elementor-id=\"553\" class=\"elementor elementor-553\" data-elementor-post-type=\"page\">\n\t\t\t\t<div class=\"elementor-element elementor-element-18fd771 e-con-full e-flex e-con e-parent\" data-id=\"18fd771\" data-element_type=\"container\" data-settings=\"{&quot;background_background&quot;:&quot;classic&quot;}\">\n\t\t<div class=\"elementor-element elementor-element-15ad2b8 e-con-full e-flex e-con e-child\" data-id=\"15ad2b8\" data-element_type=\"container\">\n\t\t\t\t<div class=\"elementor-element elementor-element-99587c0 elementor-widget elementor-widget-image\" data-id=\"99587c0\" data-element_type=\"widget\" data-widget_type=\"image.default\">\n\t\t\t\t<div class=\"elementor-widget-container\">\n\t\t\t\t\t\t\t\t\t\t\t\t\t\t\t\t<a href=\"https:\/\/pinboxcargo.com\/\">\n\t\t\t\t\t\t\t<img decoding=\"async\" width=\"150\" height=\"150\" src=\"https:\/\/pinboxcargo.com\/wp-content\/uploads\/2025\/04\/Logo-MenuAsset-7-150x150.png\" class=\"attachment-thumbnail size-thumbnail wp-image-41\" alt=\"\" \/>\t\t\t\t\t\t\t\t<\/a>\n\t\t\t\t\t\t\t\t\t\t\t\t\t\t\t<\/div>\n\t\t\t\t<\/div>\n\t\t\t\t<div class=\"elementor-element elementor-element-17d5b3f elementor-widget elementor-widget-html\" data-id=\"17d5b3f\" data-element_type=\"widget\" data-widget_type=\"html.default\">\n\t\t\t\t<div class=\"elementor-widget-container\">\n\t\t\t\t\t<div class=\"card custom-card\" style=\"background-color:rgba(255, 255, 255, 0.01);color:#101010\">\r\n                <div class=\"card-body m-lg-5 m-0\">\r\n                    <div class=\"row\">\r\n                        <div class=\"col-lg-6 col-md-6 col-12\">\r\n                            <div class=\"p-1\">\r\n                                                                    <img decoding=\"async\" class=\"\" src=\"\/public\/images\/logos\/R69FK0S4LU.jpg\" alt=\"\" width=\"10\" height=\"10\" style=\"max-height: 150px;\">\r\n                                                            \r\n                            <\/div>\r\n                            <div class=\"p-1\"><h2><\/h2><\/div>\r\n                                                      \r\n                        <\/div>\r\n                        <div class=\"col-lg-6 col-md-6 col-12 mt-1\">\r\n                            <form action=\"\" method=\"post\">  \r\n                                    <input type=\"hidden\" name=\"recaptcha_response\" id=\"recaptchaResponse\">\r\n                                    <input type=\"hidden\" name=\"token\" value=\"eyJ0eXAiOiJKV1QiLCJhbGciOiJIUzI1NiJ9.eyJpYXQiOjE3NTcyMDMzNzgsImV4cCI6MTc1NzIwNjk3OCwibm9tYnJlIjoiUElOQk9YIENBUkdPIn0.4o1uFJ_lxolJZC6RIEXse8LOEULfj6r0xNvAA-j3PJs\">\r\n                                      \r\n                                    <div class=\"p-1\"><h4 style=\"color: white\"  >Inicia sesi\u00f3n Casillero<\/h4>\r\n                                  \r\n                                    <\/div>                        \r\n                                    <div class=\"form-floating mb-3\">\r\n                                        <input type=\"text\" class=\"form-control custom-input\" placeholder=\"nombre\" id=\"floatingInput\" name=\"username\" required=\"\" autofocus=\"\">\r\n                                        <label for=\"floatingInput\">Tu correo o email<\/label>                                \r\n                                    <\/div>\r\n                                    <div class=\"form-floating\">\r\n                                        <input type=\"password\" id=\"password\" class=\"form-control custom-input\" placeholder=\"clave\" name=\"password\" required=\"\">\r\n                                        <label for=\"floatingPassword\">Contrase\u00f1a<\/label>\r\n                                    \r\n                                    <\/div>\r\n                                    \r\n                                    <div class=\"row mt-3\">\r\n                                        <div class=\"col-2\">\r\n                                            <button title=\"Ver clave\" class=\"btn btn-outline-secondary\" type=\"button\" id=\"togglePassword\"><i class=\"far fa-eye\" id=\"toggleIcon\"><\/i><\/button>\r\n                                        <\/div>\r\n                                        <div class=\"col-10\">        \r\n                                            <select name=\"idioma\" class=\"form-select custom-input\">\r\n                                                <option value=\"1\">Idioma<\/option>\r\n                                                <option value=\"es\">Espanol<\/option>\r\n                                                <option value=\"en\">Ingles<\/option>\r\n                                            <\/select>    \r\n                                        <\/div>    \r\n                                        \r\n                                        <div class=\"col-12 mt-1\">\r\n                                            <div class=\"row\">\r\n                                                <div class=\"col-7\">\r\n                                                    <a href=\"\/public\/web\/webindex\/webrecpassword\/cd\/PINBOX\" class=\"d-block\" style=\"text-decoration: none;\">\r\n                                                        <small class=\"text-muted\"><p style=\"color: white;\">Olvid\u00f3 su contrase\u00f1a?<\/p><\/small>\r\n                                                    <\/a>\r\n                                                <\/div>\r\n                                                <div class=\"col-5\">\r\n                                                    <a href=\"\/public\/web\/webindex\/registrocas?ag=1\" class=\"d-block\" style=\"text-decoration: none;\">\r\n                                                        <small class=\"text-muted\"><p style=\"color: white;\">No tienes cuenta?<\/p><\/small>\r\n                                                    <\/a>\r\n                                                <\/div>\r\n                                            <\/div>\r\n                                        <\/div>\r\n                                        \r\n                                    <\/div>\r\n                                    \r\n                                    <div class=\"d-grid gap-2 d-md-flex justify-content-md-end mt-lg-4 mt-3\"> \r\n                                        <div class=\"col-lg-3 col-md-8\">                           \r\n                                        <button class=\"btn btn-primary  rounded-pill w-100\" type=\"submit\">Siguiente<\/button>\r\n                                        <\/div>\r\n                                    <\/div>                                   \r\n                            <\/form>                         \r\n                        <\/div>\r\n                    <\/div>                    \r\n                <\/div>               \r\n                \r\n                           \r\n            <\/div>\t\t\t\t<\/div>\n\t\t\t\t<\/div>\n\t\t\t\t<\/div>\n\t\t\t\t<\/div>\n\t\t\t\t<\/div>\n\t\t","protected":false},"excerpt":{"rendered":"<p>Inicia sesi\u00f3n Casillero Tu correo o email Contrase\u00f1a IdiomaEspanolIngles Olvid\u00f3 su contrase\u00f1a? No tienes cuenta? Siguiente<\/p>\n","protected":false},"author":1,"featured_media":0,"parent":0,"menu_order":0,"comment_status":"closed","ping_status":"closed","template":"elementor_header_footer","meta":{"footnotes":""},"class_list":["post-553","page","type-page","status-publish","hentry"],"_links":{"self":[{"href":"https:\/\/pinboxcargo.com\/index.php\/wp-json\/wp\/v2\/pages\/553","targetHints":{"allow":["GET"]}}],"collection":[{"href":"https:\/\/pinboxcargo.com\/index.php\/wp-json\/wp\/v2\/pages"}],"about":[{"href":"https:\/\/pinboxcargo.com\/index.php\/wp-json\/wp\/v2\/types\/page"}],"author":[{"embeddable":true,"href":"https:\/\/pinboxcargo.com\/index.php\/wp-json\/wp\/v2\/users\/1"}],"replies":[{"embeddable":true,"href":"https:\/\/pinboxcargo.com\/index.php\/wp-json\/wp\/v2\/comments?post=553"}],"version-history":[{"count":75,"href":"https:\/\/pinboxcargo.com\/index.php\/wp-json\/wp\/v2\/pages\/553\/revisions"}],"predecessor-version":[{"id":653,"href":"https:\/\/pinboxcargo.com\/index.php\/wp-json\/wp\/v2\/pages\/553\/revisions\/653"}],"wp:attachment":[{"href":"https:\/\/pinboxcargo.com\/index.php\/wp-json\/wp\/v2\/media?parent=553"}],"curies":[{"name":"wp","href":"https:\/\/api.w.org\/{rel}","templated":true}]}}