{"id":500,"date":"2025-09-06T19:40:53","date_gmt":"2025-09-06T19:40:53","guid":{"rendered":"https:\/\/pinboxcargo.com\/?page_id=500"},"modified":"2025-09-09T17:28:22","modified_gmt":"2025-09-09T17:28:22","slug":"tracking-internacional","status":"publish","type":"page","link":"https:\/\/pinboxcargo.com\/index.php\/tracking-internacional\/","title":{"rendered":"Tracking internacional"},"content":{"rendered":"\t\t<div data-elementor-type=\"wp-page\" data-elementor-id=\"500\" class=\"elementor elementor-500\" data-elementor-post-type=\"page\">\n\t\t\t\t<div class=\"elementor-element elementor-element-5004de9 e-flex e-con-boxed e-con e-parent\" data-id=\"5004de9\" data-element_type=\"container\">\n\t\t\t\t\t<div class=\"e-con-inner\">\n\t\t<div class=\"elementor-element elementor-element-58dd788 e-con-full e-flex e-con e-child\" data-id=\"58dd788\" data-element_type=\"container\" data-settings=\"{&quot;background_background&quot;:&quot;classic&quot;}\">\n\t\t<div class=\"elementor-element elementor-element-cb3851b e-con-full e-flex e-con e-child\" data-id=\"cb3851b\" data-element_type=\"container\">\n\t\t\t\t<div class=\"elementor-element elementor-element-8f753d6 elementor-headline--style-rotate elementor-widget elementor-widget-animated-headline\" data-id=\"8f753d6\" data-element_type=\"widget\" data-settings=\"{&quot;headline_style&quot;:&quot;rotate&quot;,&quot;rotating_text&quot;:&quot;en tiempo real\\n24\\\/7&quot;,&quot;rotate_iteration_delay&quot;:1500,&quot;animation_type&quot;:&quot;clip&quot;,&quot;loop&quot;:&quot;yes&quot;}\" data-widget_type=\"animated-headline.default\">\n\t\t\t\t<div class=\"elementor-widget-container\">\n\t\t\t\t\t\t\t<h5 class=\"elementor-headline elementor-headline-animation-type-clip\">\n\t\t\t\t\t<span class=\"elementor-headline-plain-text elementor-headline-text-wrapper\">Rastrea tu paquete<\/span>\n\t\t\t\t<span class=\"elementor-headline-dynamic-wrapper elementor-headline-text-wrapper\">\n\t\t\t\t\t<span class=\"elementor-headline-dynamic-text elementor-headline-text-active\">\n\t\t\t\ten&nbsp;tiempo&nbsp;real\t\t\t<\/span>\n\t\t\t\t\t<span class=\"elementor-headline-dynamic-text\">\n\t\t\t\t24\/7\t\t\t<\/span>\n\t\t\t\t\t\t<\/span>\n\t\t\t\t<\/h5>\n\t\t\t\t\t\t<\/div>\n\t\t\t\t<\/div>\n\t\t\t\t<\/div>\n\t\t<div class=\"elementor-element elementor-element-f136355 e-con-full e-flex e-con e-child\" data-id=\"f136355\" data-element_type=\"container\">\n\t\t\t\t<div class=\"elementor-element elementor-element-35281c7 elementor-widget elementor-widget-text-editor\" data-id=\"35281c7\" data-element_type=\"widget\" data-widget_type=\"text-editor.default\">\n\t\t\t\t<div class=\"elementor-widget-container\">\n\t\t\t\t\t\t\t\t\t<p>Transparencia total: sigue tu pedido en tiempo real, sin sorpresas.<\/p>\t\t\t\t\t\t\t\t<\/div>\n\t\t\t\t<\/div>\n\t\t\t\t<div class=\"elementor-element elementor-element-ebaaa71 elementor-widget__width-initial elementor-widget elementor-widget-html\" data-id=\"ebaaa71\" data-element_type=\"widget\" data-widget_type=\"html.default\">\n\t\t\t\t<div class=\"elementor-widget-container\">\n\t\t\t\t\t<iframe src=\"https:\/\/pinbox.managercargo.com\/public\/status\/indexstatus\/indexstatusacc\/wi\/si\" width=\"100%\" height=\"600px\" frameborder=\"0\"><\/iframe>\r\n\t\t\t\t<\/div>\n\t\t\t\t<\/div>\n\t\t\t\t<\/div>\n\t\t\t\t<\/div>\n\t\t\t\t\t<\/div>\n\t\t\t\t<\/div>\n\t\t<div class=\"elementor-element elementor-element-9b3d2d0 e-flex e-con-boxed e-con e-parent\" data-id=\"9b3d2d0\" data-element_type=\"container\" data-settings=\"{&quot;background_background&quot;:&quot;classic&quot;}\">\n\t\t\t\t\t<div class=\"e-con-inner\">\n\t\t\t\t<div class=\"elementor-element elementor-element-8921831 elementor-widget elementor-widget-heading\" data-id=\"8921831\" data-element_type=\"widget\" data-widget_type=\"heading.default\">\n\t\t\t\t<div class=\"elementor-widget-container\">\n\t\t\t\t\t<h2 class=\"elementor-heading-title elementor-size-default\">Conoce el estado de tu paquete<\/h2>\t\t\t\t<\/div>\n\t\t\t\t<\/div>\n\t\t\t\t\t<\/div>\n\t\t\t\t<\/div>\n\t\t<div class=\"elementor-element elementor-element-31ba496 e-flex e-con-boxed e-con e-parent\" data-id=\"31ba496\" data-element_type=\"container\">\n\t\t\t\t\t<div class=\"e-con-inner\">\n\t\t<div class=\"elementor-element elementor-element-314cc8f e-con-full e-flex e-con e-child\" data-id=\"314cc8f\" data-element_type=\"container\">\n\t\t\t\t<div class=\"elementor-element elementor-element-920d155 elementor-widget elementor-widget-ucaddon_vertical_curve_timeline\" data-id=\"920d155\" data-element_type=\"widget\" data-widget_type=\"ucaddon_vertical_curve_timeline.default\">\n\t\t\t\t<div class=\"elementor-widget-container\">\n\t\t\t\t\t\n<!-- start Vertical Curved Timeline -->\n\t\t<link id='font-awesome-css' href='https:\/\/pinboxcargo.com\/wp-content\/plugins\/unlimited-elements-for-elementor-premium\/assets_libraries\/font-awesome6\/fontawesome-all.min.css' type='text\/css' rel='stylesheet' >\n\t\t<link id='font-awesome-4-shim-css' href='https:\/\/pinboxcargo.com\/wp-content\/plugins\/unlimited-elements-for-elementor-premium\/assets_libraries\/font-awesome6\/fontawesome-v4-shims.min.css' type='text\/css' rel='stylesheet' >\n\n<style>\/* widget: Vertical Curved Timeline *\/\n\n#uc_vertical_curve_timeline_elementor_920d155.ue-container{\n  width: 100%;\n  display: flex;\n  align-items: center;\n}\n\n\/* Timeline Container *\/\n\n#uc_vertical_curve_timeline_elementor_920d155 .ue-timeline {\n  width:100%;\n  margin: 0 auto;\n  padding: 0 20px;\n}\n\n#uc_vertical_curve_timeline_elementor_920d155 .ue-item-image{\n  overflow:hidden;\n}\n\n#uc_vertical_curve_timeline_elementor_920d155 .ue-item-image img{\n  width:100%;\n  height: 100%;\n  transition:0.3s;\n}\n\n\/* Card container *\/\n#uc_vertical_curve_timeline_elementor_920d155 .ue-card {\n  position: relative;\n  display: flex;\n}\n\n#uc_vertical_curve_timeline_elementor_920d155 .ue-slno{\n  border-radius: 50%;\n  position: absolute;\n  top: 50%;\n  left: 0;\n  transform: translate(-50%, -50%);\n  display: grid;\n  place-content: center;\n}\n\n\/* setting padding based on even or odd *\/\n  #uc_vertical_curve_timeline_elementor_920d155 .ue-card:nth-child(odd) {\n    padding: 30px 0 30px 30px;\n  }\n  #uc_vertical_curve_timeline_elementor_920d155 .ue-card:nth-child(even) {\n    padding: 30px 30px 30px 0;\n  }\n  \/* Global ::before *\/\n  #uc_vertical_curve_timeline_elementor_920d155 .ue-card::before {\n    content: \"\";\n    position: absolute;\n    width: 50%;\n  }\n\n  \/* Setting the border of top, bottom, left *\/\n  #uc_vertical_curve_timeline_elementor_920d155 .ue-card:nth-child(odd)::before {\n    left: 0px;\n    top: -10px;\n    bottom: -10px;\n    border-width: 10px 0 10px 10px;\n    border-radius: 20px 0 0 20px;\n  }\n\n  \/* Setting the top and bottom to \"-10px\" because earlier it was out of a pixel in mobile devices *\/\n  @media only screen and (max-width: 400px) {\n    #uc_vertical_curve_timeline_elementor_920d155 .ue-card:nth-child(odd)::before {\n      top: -10px;\n      bottom: -10px;\n    }\n  }\n\n  \/* Setting the border of top, bottom, right *\/\n  #uc_vertical_curve_timeline_elementor_920d155 .ue-card:nth-child(even)::before {\n    right: 0;\n    top: 0;\n    bottom: 0;\n    border-width: 10px 10px 10px 0;\n    border-radius: 0 20px 20px 0;\n  }\n\n  \/* Removing the border if it is the first card *\/\n  #uc_vertical_curve_timeline_elementor_920d155 .ue-card:first-child::before {\n    border-top: 0;\n    border-top-left-radius: 0;\n  }\n\n  \/* Removing the border if it is the last card  and it's odd *\/\n  #uc_vertical_curve_timeline_elementor_920d155 .ue-card:last-child:nth-child(odd)::before {\n    border-bottom: 0;\n    border-bottom-left-radius: 0;\n  }\n\n  \/* Removing the border if it is the last card  and it's even *\/\n  #uc_vertical_curve_timeline_elementor_920d155 .ue-card:last-child:nth-child(even)::before {\n    border-bottom: 0;\n    border-bottom-right-radius: 0;\n  }\n\n  \/* Information about the timeline *\/\n  #uc_vertical_curve_timeline_elementor_920d155 .ue-info {\n    display: flex;\n    border-radius: 10px;\n    padding: 10px;\n    width: 100%;\n  }\n\n  \/* Title of the card *\/\n  #uc_vertical_curve_timeline_elementor_920d155 .ue-title {\n    position: relative;\n  }\n\n  \/* Timeline dot  *\/\n\n  \/* text right if the card is even  *\/\n  #uc_vertical_curve_timeline_elementor_920d155 .ue-card:nth-child(even) {\n    text-align: right;\n  }\n\n  #uc_vertical_curve_timeline_elementor_920d155 .ue-card:nth-child(even) .ue-item-image{\n    margin-left: auto;\n  }\n\n  #uc_vertical_curve_timeline_elementor_920d155 .ue-card:nth-child(even) .ue-info{\n    padding-right: 20px;\n    margin-left: auto;\n  }\n\n  #uc_vertical_curve_timeline_elementor_920d155 .ue-card:nth-child(odd) .ue-info{\n    padding-left: 20px;\n  }\n\n  \/* setting dot to the left if the card is odd *\/\n  #uc_vertical_curve_timeline_elementor_920d155 .ue-card:nth-child(odd) > .ue-info > .ue-title::before {\n    left: -45px;\n  }\n\n  #uc_vertical_curve_timeline_elementor_920d155 .ue-card:nth-child(even) > .ue-slno{\n    right: 0%;\n    left: auto;\n    transform: translate(50%, -50%);\n    margin-right:calc(10px\/2);\n  }\n\n  #uc_vertical_curve_timeline_elementor_920d155 .ue-card:nth-child(odd) > .ue-slno{\n    margin-left:calc(10px\/2);;\n  }\n\n  #uc_vertical_curve_timeline_elementor_920d155 .ue-card:nth-child(1)::before{\n    height: 50%;\n    top: auto;\n  }\n\n  #uc_vertical_curve_timeline_elementor_920d155 .ue-card:last-child::before{\n    height: 50%;\n  }\n\n  #uc_vertical_curve_timeline_elementor_920d155 .ue-button-link{\n    width:fit-content;\n    z-index: 100;\n  }\n\n  #uc_vertical_curve_timeline_elementor_920d155 .ue-card:nth-child(even) .ue-button-link {\n    margin-left:auto;\n  }\n\n\n\n<\/style>\n\n<div id=\"uc_vertical_curve_timeline_elementor_920d155\" class=\"ue-container\">\n  <div class=\"ue-timeline\">\n    <div class=\"ue-outer\">              \n      <div class=\"ue-card elementor-repeater-item-648bff2\">\n  \n  <div class=\"ue-slno\">\n            <i class='fas fa-warehouse'><\/i>  \n  <\/div>\n  \n  <div class=\"ue-info\">\n                    \t\n    <div class=\"ue-item-wrap\">\n      <h3 class=\"ue-title\">Recepci\u00f3n en Bodega USA<\/h3>            <div class=\"ue-description\"><p>Se consolida tu pedido y se prepara para env\u00edo (agrupaci\u00f3n, ajustes de peso, divisiones).<\/p><\/div>                        <\/div>\n  <\/div>\n<\/div>\n<div class=\"ue-card elementor-repeater-item-f6e2c32\">\n  \n  <div class=\"ue-slno\">\n            <i class='fas fa-box'><\/i>  \n  <\/div>\n  \n  <div class=\"ue-info\">\n                    \t\n    <div class=\"ue-item-wrap\">\n      <h3 class=\"ue-title\">Preparaci\u00f3n y Embalaje<\/h3>            <div class=\"ue-description\"><p>Todo listo para ser entregado a la aerol\u00ednea.<\/p><\/div>                        <\/div>\n  <\/div>\n<\/div>\n<div class=\"ue-card elementor-repeater-item-9c86971\">\n  \n  <div class=\"ue-slno\">\n            <i class='fas fa-plane-departure'><\/i>  \n  <\/div>\n  \n  <div class=\"ue-info\">\n                    \t\n    <div class=\"ue-item-wrap\">\n      <h3 class=\"ue-title\"> Entrega a Aerol\u00ednea y Embarque<\/h3>            <div class=\"ue-description\"><p>La carga llega al aeropuerto y queda en espera de vuelo<\/p><\/div>          <\/div>\n  <\/div>\n<\/div>\n<div class=\"ue-card elementor-repeater-item-bfabb8f\">\n  \n  <div class=\"ue-slno\">\n            <i class='fas fa-plane-arrival'><\/i>  \n  <\/div>\n  \n  <div class=\"ue-info\">\n                    \t\n    <div class=\"ue-item-wrap\">\n      <h3 class=\"ue-title\"> Vuelo a Ecuador<\/h3>            <div class=\"ue-description\"><p>El embarque se realiza y llega el mismo d\u00eda al pa\u00eds.<\/p><\/div>          <\/div>\n  <\/div>\n<\/div>\n<div class=\"ue-card elementor-repeater-item-03225e4\">\n  \n  <div class=\"ue-slno\">\n            <i class='far fa-check-circle'><\/i>  \n  <\/div>\n  \n  <div class=\"ue-info\">\n                    \t\n    <div class=\"ue-item-wrap\">\n      <h3 class=\"ue-title\">Proceso Aduanero<\/h3>            <div class=\"ue-description\"><p>Se prepara la declaraci\u00f3n y se realizan revisiones antes de liberar la carga.<\/p><\/div>          <\/div>\n  <\/div>\n<\/div>\n<div class=\"ue-card elementor-repeater-item-ff66ece\">\n  \n  <div class=\"ue-slno\">\n            <i class='fas fa-box-open'><\/i>  \n  <\/div>\n  \n  <div class=\"ue-info\">\n                    \t\n    <div class=\"ue-item-wrap\">\n      <h3 class=\"ue-title\">Entrega Final<\/h3>            <div class=\"ue-description\"><p>El paquete llega a la bodega nacional y se despacha al cliente.<\/p><\/div>          <\/div>\n  <\/div>\n<\/div>\n\n    <\/div>\n  <\/div>\n<\/div>\n<!-- end Vertical Curved Timeline -->\t\t\t\t<\/div>\n\t\t\t\t<\/div>\n\t\t\t\t<\/div>\n\t\t\t\t\t<\/div>\n\t\t\t\t<\/div>\n\t\t<div class=\"elementor-element elementor-element-ea70b40 e-flex e-con-boxed e-con e-parent\" data-id=\"ea70b40\" data-element_type=\"container\">\n\t\t\t\t\t<div class=\"e-con-inner\">\n\t\t<div class=\"elementor-element elementor-element-be8bef7 e-con-full e-flex e-con e-child\" data-id=\"be8bef7\" data-element_type=\"container\">\n\t\t\t\t<div class=\"elementor-element elementor-element-bacff9c elementor-widget elementor-widget-ucaddon_vertical_curve_timeline\" data-id=\"bacff9c\" data-element_type=\"widget\" data-widget_type=\"ucaddon_vertical_curve_timeline.default\">\n\t\t\t\t<div class=\"elementor-widget-container\">\n\t\t\t\t\t\n<!-- start Vertical Curved Timeline -->\n\n<style>\/* widget: Vertical Curved Timeline *\/\n\n#uc_vertical_curve_timeline_elementor_bacff9c.ue-container{\n  width: 100%;\n  display: flex;\n  align-items: center;\n}\n\n\/* Timeline Container *\/\n\n#uc_vertical_curve_timeline_elementor_bacff9c .ue-timeline {\n  width:100%;\n  margin: 0 auto;\n  padding: 0 20px;\n}\n\n#uc_vertical_curve_timeline_elementor_bacff9c .ue-item-image{\n  overflow:hidden;\n}\n\n#uc_vertical_curve_timeline_elementor_bacff9c .ue-item-image img{\n  width:100%;\n  height: 100%;\n  transition:0.3s;\n}\n\n\/* Card container *\/\n#uc_vertical_curve_timeline_elementor_bacff9c .ue-card {\n  position: relative;\n  display: flex;\n}\n\n#uc_vertical_curve_timeline_elementor_bacff9c .ue-slno{\n  border-radius: 50%;\n  position: absolute;\n  top: 50%;\n  left: 0;\n  transform: translate(-50%, -50%);\n  display: grid;\n  place-content: center;\n}\n\n\/* setting padding based on even or odd *\/\n  #uc_vertical_curve_timeline_elementor_bacff9c .ue-card:nth-child(odd) {\n    padding: 30px 0 30px 30px;\n  }\n  #uc_vertical_curve_timeline_elementor_bacff9c .ue-card:nth-child(even) {\n    padding: 30px 30px 30px 0;\n  }\n  \/* Global ::before *\/\n  #uc_vertical_curve_timeline_elementor_bacff9c .ue-card::before {\n    content: \"\";\n    position: absolute;\n    width: 50%;\n  }\n\n  \/* Setting the border of top, bottom, left *\/\n  #uc_vertical_curve_timeline_elementor_bacff9c .ue-card:nth-child(odd)::before {\n    left: 0px;\n    top: -10px;\n    bottom: -10px;\n    border-width: 10px 0 10px 10px;\n    border-radius: 20px 0 0 20px;\n  }\n\n  \/* Setting the top and bottom to \"-10px\" because earlier it was out of a pixel in mobile devices *\/\n  @media only screen and (max-width: 400px) {\n    #uc_vertical_curve_timeline_elementor_bacff9c .ue-card:nth-child(odd)::before {\n      top: -10px;\n      bottom: -10px;\n    }\n  }\n\n  \/* Setting the border of top, bottom, right *\/\n  #uc_vertical_curve_timeline_elementor_bacff9c .ue-card:nth-child(even)::before {\n    right: 0;\n    top: 0;\n    bottom: 0;\n    border-width: 10px 10px 10px 0;\n    border-radius: 0 20px 20px 0;\n  }\n\n  \/* Removing the border if it is the first card *\/\n  #uc_vertical_curve_timeline_elementor_bacff9c .ue-card:first-child::before {\n    border-top: 0;\n    border-top-left-radius: 0;\n  }\n\n  \/* Removing the border if it is the last card  and it's odd *\/\n  #uc_vertical_curve_timeline_elementor_bacff9c .ue-card:last-child:nth-child(odd)::before {\n    border-bottom: 0;\n    border-bottom-left-radius: 0;\n  }\n\n  \/* Removing the border if it is the last card  and it's even *\/\n  #uc_vertical_curve_timeline_elementor_bacff9c .ue-card:last-child:nth-child(even)::before {\n    border-bottom: 0;\n    border-bottom-right-radius: 0;\n  }\n\n  \/* Information about the timeline *\/\n  #uc_vertical_curve_timeline_elementor_bacff9c .ue-info {\n    display: flex;\n    border-radius: 10px;\n    padding: 10px;\n    width: 100%;\n  }\n\n  \/* Title of the card *\/\n  #uc_vertical_curve_timeline_elementor_bacff9c .ue-title {\n    position: relative;\n  }\n\n  \/* Timeline dot  *\/\n\n  \/* text right if the card is even  *\/\n  #uc_vertical_curve_timeline_elementor_bacff9c .ue-card:nth-child(even) {\n    text-align: right;\n  }\n\n  #uc_vertical_curve_timeline_elementor_bacff9c .ue-card:nth-child(even) .ue-item-image{\n    margin-left: auto;\n  }\n\n  #uc_vertical_curve_timeline_elementor_bacff9c .ue-card:nth-child(even) .ue-info{\n    padding-right: 20px;\n    margin-left: auto;\n  }\n\n  #uc_vertical_curve_timeline_elementor_bacff9c .ue-card:nth-child(odd) .ue-info{\n    padding-left: 20px;\n  }\n\n  \/* setting dot to the left if the card is odd *\/\n  #uc_vertical_curve_timeline_elementor_bacff9c .ue-card:nth-child(odd) > .ue-info > .ue-title::before {\n    left: -45px;\n  }\n\n  #uc_vertical_curve_timeline_elementor_bacff9c .ue-card:nth-child(even) > .ue-slno{\n    right: 0%;\n    left: auto;\n    transform: translate(50%, -50%);\n    margin-right:calc(10px\/2);\n  }\n\n  #uc_vertical_curve_timeline_elementor_bacff9c .ue-card:nth-child(odd) > .ue-slno{\n    margin-left:calc(10px\/2);;\n  }\n\n  #uc_vertical_curve_timeline_elementor_bacff9c .ue-card:nth-child(1)::before{\n    height: 50%;\n    top: auto;\n  }\n\n  #uc_vertical_curve_timeline_elementor_bacff9c .ue-card:last-child::before{\n    height: 50%;\n  }\n\n  #uc_vertical_curve_timeline_elementor_bacff9c .ue-button-link{\n    width:fit-content;\n    z-index: 100;\n  }\n\n  #uc_vertical_curve_timeline_elementor_bacff9c .ue-card:nth-child(even) .ue-button-link {\n    margin-left:auto;\n  }\n\n\n\n<\/style>\n\n<div id=\"uc_vertical_curve_timeline_elementor_bacff9c\" class=\"ue-container\">\n  <div class=\"ue-timeline\">\n    <div class=\"ue-outer\">              \n      <div class=\"ue-card elementor-repeater-item-648bff2\">\n  \n  <div class=\"ue-slno\">\n            <i class='fas fa-warehouse'><\/i>  \n  <\/div>\n  \n  <div class=\"ue-info\">\n                    \t\n    <div class=\"ue-item-wrap\">\n      <h3 class=\"ue-title\">Recepci\u00f3n en Bodega USA<\/h3>            <div class=\"ue-description\"><p>Se consolida tu pedido y se prepara para env\u00edo (agrupaci\u00f3n, ajustes de peso, divisiones).<\/p><\/div>                        <\/div>\n  <\/div>\n<\/div>\n<div class=\"ue-card elementor-repeater-item-f6e2c32\">\n  \n  <div class=\"ue-slno\">\n            <i class='fas fa-box'><\/i>  \n  <\/div>\n  \n  <div class=\"ue-info\">\n                    \t\n    <div class=\"ue-item-wrap\">\n      <h3 class=\"ue-title\">Preparaci\u00f3n y Embalaje<\/h3>            <div class=\"ue-description\"><p>Todo listo para ser entregado a la aerol\u00ednea.<\/p><\/div>                        <\/div>\n  <\/div>\n<\/div>\n<div class=\"ue-card elementor-repeater-item-9c86971\">\n  \n  <div class=\"ue-slno\">\n            <i class='fas fa-plane-departure'><\/i>  \n  <\/div>\n  \n  <div class=\"ue-info\">\n                    \t\n    <div class=\"ue-item-wrap\">\n      <h3 class=\"ue-title\"> Entrega a Aerol\u00ednea y Embarque<\/h3>            <div class=\"ue-description\"><p>La carga llega al aeropuerto y queda en espera de vuelo<\/p><\/div>          <\/div>\n  <\/div>\n<\/div>\n<div class=\"ue-card elementor-repeater-item-bfabb8f\">\n  \n  <div class=\"ue-slno\">\n            <i class='fas fa-plane-arrival'><\/i>  \n  <\/div>\n  \n  <div class=\"ue-info\">\n                    \t\n    <div class=\"ue-item-wrap\">\n      <h3 class=\"ue-title\"> Vuelo a Ecuador<\/h3>            <div class=\"ue-description\"><p>El embarque se realiza y llega el mismo d\u00eda al pa\u00eds.<\/p><\/div>          <\/div>\n  <\/div>\n<\/div>\n<div class=\"ue-card elementor-repeater-item-03225e4\">\n  \n  <div class=\"ue-slno\">\n            <i class='far fa-check-circle'><\/i>  \n  <\/div>\n  \n  <div class=\"ue-info\">\n                    \t\n    <div class=\"ue-item-wrap\">\n      <h3 class=\"ue-title\">Proceso Aduanero<\/h3>            <div class=\"ue-description\"><p>Se prepara la declaraci\u00f3n y se realizan revisiones antes de liberar la carga.<\/p><\/div>          <\/div>\n  <\/div>\n<\/div>\n<div class=\"ue-card elementor-repeater-item-ff66ece\">\n  \n  <div class=\"ue-slno\">\n            <i class='fas fa-box-open'><\/i>  \n  <\/div>\n  \n  <div class=\"ue-info\">\n                    \t\n    <div class=\"ue-item-wrap\">\n      <h3 class=\"ue-title\">Entrega Final<\/h3>            <div class=\"ue-description\"><p>El paquete llega a la bodega nacional y se despacha al cliente.<\/p><\/div>          <\/div>\n  <\/div>\n<\/div>\n\n    <\/div>\n  <\/div>\n<\/div>\n<!-- end Vertical Curved Timeline -->\t\t\t\t<\/div>\n\t\t\t\t<\/div>\n\t\t\t\t<\/div>\n\t\t<div class=\"elementor-element elementor-element-6cc2367 e-con-full e-flex e-con e-child\" data-id=\"6cc2367\" data-element_type=\"container\">\n\t\t\t\t<div class=\"elementor-element elementor-element-6f131e8 elementor-widget elementor-widget-text-editor\" data-id=\"6f131e8\" data-element_type=\"widget\" data-widget_type=\"text-editor.default\">\n\t\t\t\t<div class=\"elementor-widget-container\">\n\t\t\t\t\t\t\t\t\t<h3><strong>\u00bfC\u00f3mo funciona el rastreo de mis paquetes con Pinbox? <\/strong><\/h3><p>Nuestro sistema de seguimiento maneja el siguiente lenguaje<\/p><p><strong>Creando consolidado:<\/strong>\u00a0Recibido en Bodega USA<\/p><p><strong>Preparaci\u00f3n de env\u00edo:<\/strong>\u00a0Agrupaci\u00f3n, Eliminaci\u00f3n de peso, Divisiones<\/p><p><strong>Carga Embalada Exitosamente:<\/strong>\u00a0Todo listo para entrega a aerol\u00ednea<\/p><p><strong>Carga Entregada a Aerol\u00ednea:<\/strong>\u00a0Carga en aeropuerto<\/p><p><strong>Embarque listo para volar:<\/strong> Esperando asignaci\u00f3n de vuelo<\/p><p><strong>Volando:<\/strong>\u00a0Llega el mismo dia a Ecuador<\/p><p><strong>Arribo al pa\u00eds:<\/strong> preparando declaraci\u00f3n aduanera<\/p><p><strong>Tramite Aduana Ecuador:<\/strong> A la espera de revisiones, aforos y salida<\/p><p><strong>\u00a0Salida de aduana:<\/strong>\u00a0Recibido en bodega Pinbox: Retiro\/Envios<\/p><p><strong>Entregado:<\/strong> Paso final y entrega a cliente<\/p><p>En rastreos nacionales, poner enlace para Tramaco, yobel y servientrega<\/p><h3>\u00a0<\/h3>\t\t\t\t\t\t\t\t<\/div>\n\t\t\t\t<\/div>\n\t\t\t\t<\/div>\n\t\t\t\t\t<\/div>\n\t\t\t\t<\/div>\n\t\t\t\t<\/div>\n\t\t","protected":false},"excerpt":{"rendered":"<p>Rastrea tu paquete en&nbsp;tiempo&nbsp;real 24\/7 Transparencia total: sigue tu pedido en tiempo real, sin sorpresas. Conoce el estado de tu paquete Recepci\u00f3n en Bodega USA Se consolida tu pedido y se prepara para env\u00edo (agrupaci\u00f3n, ajustes de peso, divisiones). Preparaci\u00f3n y Embalaje Todo listo para ser entregado a la aerol\u00ednea. Entrega a Aerol\u00ednea y Embarque [&hellip;]<\/p>\n","protected":false},"author":1,"featured_media":0,"parent":0,"menu_order":0,"comment_status":"closed","ping_status":"closed","template":"elementor_header_footer","meta":{"footnotes":""},"class_list":["post-500","page","type-page","status-publish","hentry"],"_links":{"self":[{"href":"https:\/\/pinboxcargo.com\/index.php\/wp-json\/wp\/v2\/pages\/500","targetHints":{"allow":["GET"]}}],"collection":[{"href":"https:\/\/pinboxcargo.com\/index.php\/wp-json\/wp\/v2\/pages"}],"about":[{"href":"https:\/\/pinboxcargo.com\/index.php\/wp-json\/wp\/v2\/types\/page"}],"author":[{"embeddable":true,"href":"https:\/\/pinboxcargo.com\/index.php\/wp-json\/wp\/v2\/users\/1"}],"replies":[{"embeddable":true,"href":"https:\/\/pinboxcargo.com\/index.php\/wp-json\/wp\/v2\/comments?post=500"}],"version-history":[{"count":48,"href":"https:\/\/pinboxcargo.com\/index.php\/wp-json\/wp\/v2\/pages\/500\/revisions"}],"predecessor-version":[{"id":697,"href":"https:\/\/pinboxcargo.com\/index.php\/wp-json\/wp\/v2\/pages\/500\/revisions\/697"}],"wp:attachment":[{"href":"https:\/\/pinboxcargo.com\/index.php\/wp-json\/wp\/v2\/media?parent=500"}],"curies":[{"name":"wp","href":"https:\/\/api.w.org\/{rel}","templated":true}]}}